{"id":7,"date":"2023-07-16T10:30:31","date_gmt":"2023-07-16T13:30:31","guid":{"rendered":"https:\/\/dev.jlganis.com.ar\/?page_id=7"},"modified":"2023-07-16T10:30:31","modified_gmt":"2023-07-16T13:30:31","slug":"acerca-de","status":"publish","type":"page","link":"https:\/\/dev.jlganis.com.ar\/?page_id=7","title":{"rendered":"Acerca de"},"content":{"rendered":"\n<p>Pod\u00e9s ser un artista que quiere presentarse a s\u00ed mismo y a su trabajo o eres un negocio con una misi\u00f3n que describir.<\/p>\n","protected":false},"excerpt":{"rendered":"<p>Pod\u00e9s ser un artista que quiere presentarse a s\u00ed mismo y a su trabajo o eres un negocio con una misi\u00f3n que describir.<\/p>\n","protected":false},"author":1,"featured_media":0,"parent":0,"menu_order":0,"comment_status":"closed","ping_status":"closed","template":"","meta":{"_et_pb_use_builder":"","_et_pb_old_content":"","_et_gb_content_width":"","inline_featured_image":false,"footnotes":""},"class_list":["post-7","page","type-page","status-publish","hentry"],"aioseo_notices":[],"_links":{"self":[{"href":"https:\/\/dev.jlganis.com.ar\/index.php?rest_route=\/wp\/v2\/pages\/7","targetHints":{"allow":["GET"]}}],"collection":[{"href":"https:\/\/dev.jlganis.com.ar\/index.php?rest_route=\/wp\/v2\/pages"}],"about":[{"href":"https:\/\/dev.jlganis.com.ar\/index.php?rest_route=\/wp\/v2\/types\/page"}],"author":[{"embeddable":true,"href":"https:\/\/dev.jlganis.com.ar\/index.php?rest_route=\/wp\/v2\/users\/1"}],"replies":[{"embeddable":true,"href":"https:\/\/dev.jlganis.com.ar\/index.php?rest_route=%2Fwp%2Fv2%2Fcomments&post=7"}],"version-history":[{"count":1,"href":"https:\/\/dev.jlganis.com.ar\/index.php?rest_route=\/wp\/v2\/pages\/7\/revisions"}],"predecessor-version":[{"id":13,"href":"https:\/\/dev.jlganis.com.ar\/index.php?rest_route=\/wp\/v2\/pages\/7\/revisions\/13"}],"wp:attachment":[{"href":"https:\/\/dev.jlganis.com.ar\/index.php?rest_route=%2Fwp%2Fv2%2Fmedia&parent=7"}],"curies":[{"name":"wp","href":"https:\/\/api.w.org\/{rel}","templated":true}]}}